{"id":1387,"date":"2024-07-25T14:28:06","date_gmt":"2024-07-25T14:28:06","guid":{"rendered":"https:\/\/gpsites.co\/harmony\/?page_id=10"},"modified":"2024-11-05T20:56:46","modified_gmt":"2024-11-05T20:56:46","slug":"home-2","status":"publish","type":"page","link":"https:\/\/bass.arteeofree.ch\/","title":{"rendered":"Home"},"content":{"rendered":"<div class=\"gb-container gb-container-29f7760a alignfull gbp-section\">\n<div class=\"gb-container gb-container-e7bd3569\">\n<div class=\"gb-container gb-container-09dd4ccd\">\n\n<h1 class=\"gb-headline gb-headline-996c0162 gb-headline-text gbp-section__headline\">WILLKOMMEN BEI GARAGE BASS<\/h1>\n\n\n\n<div class=\"gb-headline gb-headline-59722fcb gb-headline-text gbp-section__text\">Dein Fahrzeugexperte f\u00fcr Ankauf,  Verkauf,  Reparaturen und Beratung.<\/div>\n\n<\/div>\n<\/div>\n\n<div class=\"gb-container gb-container-c85437d6 hero-image-fit\">\n\n<figure class=\"gb-block-image gb-block-image-def22809\"><img loading=\"lazy\" decoding=\"async\" width=\"2560\" height=\"1707\" class=\"gb-image gb-image-def22809\" src=\"https:\/\/bass.arteeofree.ch\/wp-content\/uploads\/2024\/11\/autoliechter-scaled.jpg\" alt=\"\" title=\"autoliechter\" srcset=\"https:\/\/bass.arteeofree.ch\/wp-content\/uploads\/2024\/11\/autoliechter-scaled.jpg 2560w, https:\/\/bass.arteeofree.ch\/wp-content\/uploads\/2024\/11\/autoliechter-300x200.jpg 300w, https:\/\/bass.arteeofree.ch\/wp-content\/uploads\/2024\/11\/autoliechter-1024x683.jpg 1024w, https:\/\/bass.arteeofree.ch\/wp-content\/uploads\/2024\/11\/autoliechter-768x512.jpg 768w, https:\/\/bass.arteeofree.ch\/wp-content\/uploads\/2024\/11\/autoliechter-1536x1024.jpg 1536w, https:\/\/bass.arteeofree.ch\/wp-content\/uploads\/2024\/11\/autoliechter-2048x1365.jpg 2048w\" sizes=\"auto, (max-width: 2560px) 100vw, 2560px\" \/><\/figure>\n\n<\/div>\n<\/div>\n\n<div class=\"gb-container gb-container-ac7f30a6 gbp-section\">\n<div class=\"gb-container gb-container-d50e18a4 gbp-section__inner\">\n<div class=\"gb-container gb-container-a411cb3b\">\n\n<h2 class=\"gb-headline gb-headline-5c83705b gb-headline-text gbp-section__headline\">Bei GARAGE BASS stehen Leidenschaft f\u00fcr Autos und Qualit\u00e4t im Mittelpunkt.<\/h2>\n\n\n\n<div class=\"gb-headline gb-headline-d329375b gb-headline-text gbp-section__text\">GARAGE BASS ist Dein vertrauensw\u00fcrdiger Partner f\u00fcr den Ankauf, Verkauf und die Reparatur von Gebrauchtwagen. Ob auf der Suche nach einem sorgf\u00e4ltig aufbereiteten Fahrzeug oder eine fachm\u00e4nnische Wartung ben\u00f6tigt wird \u2013 hier bist Du richtig. Mit langj\u00e4hriger Erfahrung und Engagement f\u00fcr exzellenten Kundenservice werden nicht nur Fahrzeuge angeboten, sondern auch pers\u00f6nliche und kompetente Beratung.<\/div>\n\n\n\n<div style=\"height:20px\" aria-hidden=\"true\" class=\"wp-block-spacer\"><\/div>\n\n\n\n<div class=\"gb-headline gb-headline-eb274608 gb-headline-text gbp-section__text\">Die Werkstatt kombiniert handwerkliches Geschick mit modernen Techniken, um jedes Fahrzeug in Top-Zustand zu bringen. Von der Motorwartung bis zur kompletten Fahrzeugaufbereitung \u2013 alles wird erledigt, damit Du stets sicher und komfortabel unterwegs bist. Erlebe eine individuelle Betreuung, attraktive Preise und die Expertise, die Dein Fahrzeug verdient.<\/div>\n\n<\/div>\n\n<div class=\"gb-container gb-container-0920aac6\">\n\n<figure class=\"gb-block-image gb-block-image-35fcfe33\"><img loading=\"lazy\" decoding=\"async\" width=\"1920\" height=\"1280\" class=\"gb-image gb-image-35fcfe33\" src=\"https:\/\/bass.arteeofree.ch\/wp-content\/uploads\/2022\/06\/benjamin-brunner-Yh5WW3YlaZI-unsplash.jpg\" alt=\"\" title=\"benjamin-brunner-Yh5WW3YlaZI-unsplash\" srcset=\"https:\/\/bass.arteeofree.ch\/wp-content\/uploads\/2022\/06\/benjamin-brunner-Yh5WW3YlaZI-unsplash.jpg 1920w, https:\/\/bass.arteeofree.ch\/wp-content\/uploads\/2022\/06\/benjamin-brunner-Yh5WW3YlaZI-unsplash-300x200.jpg 300w, https:\/\/bass.arteeofree.ch\/wp-content\/uploads\/2022\/06\/benjamin-brunner-Yh5WW3YlaZI-unsplash-1024x683.jpg 1024w, https:\/\/bass.arteeofree.ch\/wp-content\/uploads\/2022\/06\/benjamin-brunner-Yh5WW3YlaZI-unsplash-768x512.jpg 768w, https:\/\/bass.arteeofree.ch\/wp-content\/uploads\/2022\/06\/benjamin-brunner-Yh5WW3YlaZI-unsplash-1536x1024.jpg 1536w\" sizes=\"auto, (max-width: 1920px) 100vw, 1920px\" \/><\/figure>\n\n\n\n<figure class=\"gb-block-image gb-block-image-e60b521e\"><img loading=\"lazy\" decoding=\"async\" width=\"1920\" height=\"1280\" class=\"gb-image gb-image-e60b521e\" src=\"https:\/\/bass.arteeofree.ch\/wp-content\/uploads\/2022\/06\/lucas-favre-WN1VT_5Ww1E-unsplash.jpg\" alt=\"\" title=\"lucas-favre-WN1VT_5Ww1E-unsplash\" srcset=\"https:\/\/bass.arteeofree.ch\/wp-content\/uploads\/2022\/06\/lucas-favre-WN1VT_5Ww1E-unsplash.jpg 1920w, https:\/\/bass.arteeofree.ch\/wp-content\/uploads\/2022\/06\/lucas-favre-WN1VT_5Ww1E-unsplash-300x200.jpg 300w, https:\/\/bass.arteeofree.ch\/wp-content\/uploads\/2022\/06\/lucas-favre-WN1VT_5Ww1E-unsplash-1024x683.jpg 1024w, https:\/\/bass.arteeofree.ch\/wp-content\/uploads\/2022\/06\/lucas-favre-WN1VT_5Ww1E-unsplash-768x512.jpg 768w, https:\/\/bass.arteeofree.ch\/wp-content\/uploads\/2022\/06\/lucas-favre-WN1VT_5Ww1E-unsplash-1536x1024.jpg 1536w\" sizes=\"auto, (max-width: 1920px) 100vw, 1920px\" \/><\/figure>\n\n<\/div>\n<\/div>\n<\/div>\n\n<div class=\"gb-container gb-container-49b5a38e gbp-section\">\n<div class=\"gb-container gb-container-e4a26c72 gbp-section__inner\">\n<div class=\"gb-container gb-container-3f8e8d67\">\n\n<h2 class=\"gb-headline gb-headline-69e1fd89 gb-headline-text gbp-section__headline\">Unsere Dienstleistungen<\/h2>\n\n<\/div>\n\n<div class=\"gb-container gb-container-bbd808cb alignwide\">\n<div class=\"gb-container gb-container-c55e1d98\">\n<div class=\"gb-grid-wrapper gb-grid-wrapper-09d2b1ba\">\n<div class=\"gb-grid-column gb-grid-column-e7d3e719\"><div class=\"gb-container gb-container-e7d3e719 gbp-card--border\"><a class=\"gb-container-link\" href=\"https:\/\/bass.arteeofree.ch\/index.php\/fahrzeug-verkauf\/\"><\/a>\n<div class=\"gb-container gb-container-59db4e53\">\n\n<h3 class=\"gb-headline gb-headline-a9abd6fb gb-headline-text gbp-section__text\"><strong>Fahrzeug Verkauf<\/strong><\/h3>\n\n\n\n<div class=\"gb-headline gb-headline-bf7ebab4 gb-headline-text gbp-section__text\">Wir verkaufen sorgf\u00e4ltig gepr\u00fcfte Gebrauchtwagen, die nicht nur technisch einwandfrei sind, sondern auch Deinen Anspr\u00fcchen gerecht werden. Jedes Auto, das bei uns zum Verkauf steht, wurde umfassend gewartet, damit Du ein Fahrzeug erh\u00e4ltst, auf das Du Dich verlassen kannst.<\/div>\n\n<\/div>\n<\/div><\/div>\n\n<div class=\"gb-grid-column gb-grid-column-559c4cf6\"><div class=\"gb-container gb-container-559c4cf6 gbp-card--border\"><a class=\"gb-container-link\" href=\"https:\/\/bass.arteeofree.ch\/index.php\/fahrzeug-ankauf\/\"><\/a>\n<div class=\"gb-container gb-container-5e9ca4a6\">\n\n<h3 class=\"gb-headline gb-headline-d8ff8cb9 gb-headline-text gbp-section__text\"><strong>Fahrzeug Ankauf<\/strong><\/h3>\n\n\n\n<div class=\"gb-headline gb-headline-52ebf938 gb-headline-text gbp-section__text\">M\u00f6chtest Du Dein eigenes Fahrzeug verkaufen? Dann bist Du bei uns genau richtig! Wir bieten Dir einen fairen Ankaufprozess, bei dem Dein Auto transparent bewertet wird \u2013 unabh\u00e4ngig von Marke oder Zustand. Unser Ziel ist es, Dir ein faires Angebot zu machen, mit dem Du zufrieden bist.<\/div>\n\n<\/div>\n<\/div><\/div>\n\n<div class=\"gb-grid-column gb-grid-column-92f9ff30\"><div class=\"gb-container gb-container-92f9ff30 gbp-card--border\"><a class=\"gb-container-link\" href=\"https:\/\/bass.arteeofree.ch\/index.php\/weitere-dienstleistungen\/\"><\/a>\n<div class=\"gb-container gb-container-7d05108c\">\n\n<h3 class=\"gb-headline gb-headline-1d103aa9 gb-headline-text gbp-section__text\"><strong>Fahrzeug Reparaturen<\/strong><\/h3>\n\n\n\n<div class=\"gb-headline gb-headline-aa1999e9 gb-headline-text gbp-section__text\">Sollte Dein Auto einmal eine Reparatur ben\u00f6tigen, k\u00fcmmern wir uns darum \u2013 ganz gleich, ob es sich um kleine Sch\u00e4den oder gr\u00f6ssere Probleme handelt. Bei uns ist Dein Auto in guten H\u00e4nden. Nat\u00fcrlich bieten wir auch regelm\u00e4ssige Wartungen an, damit Dein Fahrzeug immer in bestem Zustand bleibt. Vom \u00d6lwechsel bis zur vollst\u00e4ndigen Inspektion sorgen wir daf\u00fcr, dass Du jederzeit sicher unterwegs bist.<\/div>\n\n<\/div>\n<\/div><\/div>\n\n<div class=\"gb-grid-column gb-grid-column-9e97f134\"><div class=\"gb-container gb-container-9e97f134 gbp-card--border\"><a class=\"gb-container-link\" href=\"https:\/\/bass.arteeofree.ch\/index.php\/weitere-dienstleistungen\/\"><\/a>\n<div class=\"gb-container gb-container-3f2fc463\">\n\n<h3 class=\"gb-headline gb-headline-1a720730 gb-headline-text gbp-section__text\"><strong>Fahrzeug Beratung<\/strong><\/h3>\n\n\n\n<div class=\"gb-headline gb-headline-74d620ca gb-headline-text gbp-section__text\">Wir wissen, dass es manchmal nicht einfach ist, das richtige Auto zu finden. Deshalb stehen wir Dir auch beratend zur Seite. Ob Du Unterst\u00fctzung bei der Auswahl eines Fahrzeugs brauchst oder eine Inspektion vor dem Kauf w\u00fcnschst \u2013 wir sind f\u00fcr Dich da. Unser Team hilft Dir dabei, die beste Entscheidung zu treffen, damit Du am Ende genau das Auto bekommst, das zu Dir passt.<\/div>\n\n<\/div>\n<\/div><\/div>\n<\/div>\n<\/div>\n<\/div>\n<\/div>\n<\/div>\n\n<div class=\"gb-container gb-container-fd1d63ca gbp-section\">\n<div class=\"gb-container gb-container-92e3c176 gbp-section__inner\">\n<div class=\"gb-container gb-container-b56d6fe0\">\n\n<h2 class=\"gb-headline gb-headline-c896872e gb-headline-text gbp-section__headline\">Wo Du GARAGE BASS finden kannst<\/h2>\n\n<\/div>\n\n<div class=\"gb-container gb-container-7ca12e30\">\n\n<div class=\"map-container\">\n      <iframe\n        src=\"https:\/\/www.google.com\/maps\/embed?pb=!1m18!1m12!1m3!1d2731.159619948271!2d8.404643676214393!3d47.56146967259717!2m3!1f0!2f0!3f0!3m2!1i1024!2i768!4f13.1!3m3!1m2!1s0x47906745b11b680f%3A0x5701a32723798193!2sBelchenstrasse%2022%2C%205467%20Fisibach%2C%20Schweiz!5e0!3m2!1sde!2sch!4v1695973180870!5m2!1sde!2sch\"\n        width=\"100%\"\n        height=\"450\"\n        style=\"border:0;\"\n        allowfullscreen=\"\"\n        loading=\"lazy\"\n        referrerpolicy=\"no-referrer-when-downgrade\">\n      <\/iframe>\n    <\/div>\n\n<\/div>\n<\/div>\n<div class=\"gb-shapes\"><div class=\"gb-shape gb-shape-1\"><svg xmlns=\"http:\/\/www.w3.org\/2000\/svg\" viewBox=\"0 0 1200 100\" preserveAspectRatio=\"none\"><path d=\"M1200 100H0V0l400 77.2L1200 0z\"\/><\/svg><\/div><\/div><\/div>\n\n\n<p><\/p>\n","protected":false},"excerpt":{"rendered":"<p>WILLKOMMEN BEI GARAGE BASS Dein Fahrzeugexperte f\u00fcr Ankauf, Verkauf, Reparaturen und Beratung. Bei GARAGE BASS stehen Leidenschaft f\u00fcr Autos und Qualit\u00e4t im Mittelpunkt. GARAGE BASS ist Dein vertrauensw\u00fcrdiger Partner f\u00fcr den Ankauf, Verkauf und die Reparatur von Gebrauchtwagen. Ob auf der Suche nach einem sorgf\u00e4ltig aufbereiteten Fahrzeug oder eine fachm\u00e4nnische Wartung ben\u00f6tigt wird \u2013 hier &#8230; <a title=\"Home\" class=\"read-more\" href=\"https:\/\/bass.arteeofree.ch\/\" aria-label=\"Mehr Informationen \u00fcber Home\">Weiterlesen &#8230;<\/a><\/p>\n","protected":false},"author":1,"featured_media":0,"parent":0,"menu_order":0,"comment_status":"closed","ping_status":"closed","template":"","meta":{"footnotes":""},"class_list":["post-1387","page","type-page","status-publish"],"_links":{"self":[{"href":"https:\/\/bass.arteeofree.ch\/index.php\/wp-json\/wp\/v2\/pages\/1387","targetHints":{"allow":["GET"]}}],"collection":[{"href":"https:\/\/bass.arteeofree.ch\/index.php\/wp-json\/wp\/v2\/pages"}],"about":[{"href":"https:\/\/bass.arteeofree.ch\/index.php\/wp-json\/wp\/v2\/types\/page"}],"author":[{"embeddable":true,"href":"https:\/\/bass.arteeofree.ch\/index.php\/wp-json\/wp\/v2\/users\/1"}],"replies":[{"embeddable":true,"href":"https:\/\/bass.arteeofree.ch\/index.php\/wp-json\/wp\/v2\/comments?post=1387"}],"version-history":[{"count":20,"href":"https:\/\/bass.arteeofree.ch\/index.php\/wp-json\/wp\/v2\/pages\/1387\/revisions"}],"predecessor-version":[{"id":1555,"href":"https:\/\/bass.arteeofree.ch\/index.php\/wp-json\/wp\/v2\/pages\/1387\/revisions\/1555"}],"wp:attachment":[{"href":"https:\/\/bass.arteeofree.ch\/index.php\/wp-json\/wp\/v2\/media?parent=1387"}],"curies":[{"name":"wp","href":"https:\/\/api.w.org\/{rel}","templated":true}]}}