{"id":1505,"date":"2024-11-04T22:59:01","date_gmt":"2024-11-04T22:59:01","guid":{"rendered":"https:\/\/bass.arteeofree.ch\/?page_id=1505"},"modified":"2024-11-05T20:55:05","modified_gmt":"2024-11-05T20:55:05","slug":"weitere-dienstleistungen","status":"publish","type":"page","link":"https:\/\/bass.arteeofree.ch\/index.php\/weitere-dienstleistungen\/","title":{"rendered":"Weitere Dienstleistungen"},"content":{"rendered":"<div class=\"gb-container gb-container-29f7760a alignfull gbp-section\">\n<div class=\"gb-container gb-container-e7bd3569\">\n<div class=\"gb-container gb-container-09dd4ccd\">\n\n<h1 class=\"gb-headline gb-headline-996c0162 gb-headline-text gbp-section__headline\">GARAGE BASS<\/h1>\n\n\n\n<div class=\"gb-headline gb-headline-59722fcb gb-headline-text gbp-section__text\">Dein Fahrzeugexperte f\u00fcr Ankauf,  Verkauf,  Reparaturen und Beratung.<\/div>\n\n<\/div>\n<\/div>\n\n<div class=\"gb-container gb-container-c85437d6 hero-image-fit\">\n\n<figure class=\"gb-block-image gb-block-image-def22809\"><img loading=\"lazy\" decoding=\"async\" width=\"2560\" height=\"1707\" class=\"gb-image gb-image-def22809\" src=\"https:\/\/bass.arteeofree.ch\/wp-content\/uploads\/2024\/11\/autoliechter-scaled.jpg\" alt=\"\" title=\"autoliechter\" srcset=\"https:\/\/bass.arteeofree.ch\/wp-content\/uploads\/2024\/11\/autoliechter-scaled.jpg 2560w, https:\/\/bass.arteeofree.ch\/wp-content\/uploads\/2024\/11\/autoliechter-300x200.jpg 300w, https:\/\/bass.arteeofree.ch\/wp-content\/uploads\/2024\/11\/autoliechter-1024x683.jpg 1024w, https:\/\/bass.arteeofree.ch\/wp-content\/uploads\/2024\/11\/autoliechter-768x512.jpg 768w, https:\/\/bass.arteeofree.ch\/wp-content\/uploads\/2024\/11\/autoliechter-1536x1024.jpg 1536w, https:\/\/bass.arteeofree.ch\/wp-content\/uploads\/2024\/11\/autoliechter-2048x1365.jpg 2048w\" sizes=\"auto, (max-width: 2560px) 100vw, 2560px\" \/><\/figure>\n\n<\/div>\n<\/div>\n\n<div class=\"gb-container gb-container-ac7f30a6 gbp-section\">\n\n<h1 class=\"gb-headline gb-headline-34bc98a4 gb-headline-text\">Reparaturen und Beratungen<\/h1>\n\n\n\n<p>Bei GARAGE BASS stehen Qualit\u00e4t und Zuverl\u00e4ssigkeit an erster Stelle. Ob es um eine notwendige Reparatur oder eine umfassende Wartung geht \u2013 jedes Fahrzeug wird mit gr\u00f6sster Sorgfalt behandelt. Vom kleinen Kratzer bis hin zu komplexen Reparaturen wird alles daran gesetzt, Dein Auto wieder in Top-Zustand zu bringen.<\/p>\n\n\n\n<p>Dar\u00fcber hinaus: Egal ob eine Inspektion vor dem Kauf ben\u00f6tigt wird oder Unterst\u00fctzung bei der Auswahl des richtigen Fahrzeugs \u2013 bei GARAGE BASS erh\u00e4ltst Du die fachkundige Hilfe, die Dir Sicherheit bei Deinen Entscheidungen gibt.<\/p>\n\n<\/div>\n\n<div class=\"gb-container gb-container-49b5a38e gbp-section\">\n<div class=\"gb-container gb-container-e4a26c72 gbp-section__inner\">\n<div class=\"gb-container gb-container-3f8e8d67\"><\/div>\n\n<div class=\"gb-container gb-container-bbd808cb alignwide\">\n<div class=\"gb-container gb-container-c55e1d98\">\n<div class=\"gb-grid-wrapper gb-grid-wrapper-09d2b1ba\">\n<div class=\"gb-grid-column gb-grid-column-92f9ff30\"><div class=\"gb-container gb-container-92f9ff30 gbp-card--border\">\n<div class=\"gb-container gb-container-7d05108c\">\n\n<h3 class=\"gb-headline gb-headline-1d103aa9 gb-headline-text gbp-section__text\"><strong>Fahrzeug Reparaturen<\/strong><\/h3>\n\n\n\n<div class=\"gb-headline gb-headline-aa1999e9 gb-headline-text gbp-section__text\">Sollte Dein Auto einmal eine Reparatur ben\u00f6tigen, k\u00fcmmern wir uns darum \u2013 ganz gleich, ob es sich um kleine Sch\u00e4den oder gr\u00f6ssere Probleme handelt. Bei uns ist Dein Auto in guten H\u00e4nden. Nat\u00fcrlich bieten wir auch regelm\u00e4ssige Wartungen an, damit Dein Fahrzeug immer in bestem Zustand bleibt. Vom \u00d6lwechsel bis zur vollst\u00e4ndigen Inspektion sorgen wir daf\u00fcr, dass Du jederzeit sicher unterwegs bist.<\/div>\n\n<\/div>\n<\/div><\/div>\n\n<div class=\"gb-grid-column gb-grid-column-9e97f134\"><div class=\"gb-container gb-container-9e97f134 gbp-card--border\">\n<div class=\"gb-container gb-container-3f2fc463\">\n\n<h3 class=\"gb-headline gb-headline-1a720730 gb-headline-text gbp-section__text\"><strong>Fahrzeug Beratung<\/strong><\/h3>\n\n\n\n<div class=\"gb-headline gb-headline-74d620ca gb-headline-text gbp-section__text\">Wir wissen, dass es manchmal nicht einfach ist, das richtige Auto zu finden. Deshalb stehen wir Dir auch beratend zur Seite. Ob Du Unterst\u00fctzung bei der Auswahl eines Fahrzeugs brauchst oder eine Inspektion vor dem Kauf w\u00fcnschst \u2013 wir sind f\u00fcr Dich da. Unser Team hilft Dir dabei, die beste Entscheidung zu treffen, damit Du am Ende genau das Auto bekommst, das zu Dir passt.<\/div>\n\n<\/div>\n<\/div><\/div>\n<\/div>\n<\/div>\n<\/div>\n<\/div>\n<\/div>\n\n<div class=\"gb-container gb-container-c159fb28 gbp-section\">\n\n<h3 class=\"gb-headline gb-headline-834a4340 gb-headline-text\">Nimm jetzt Kontakt auf<\/h3>\n\n\n\n<p>Ben\u00f6tigst Du eine Reparatur oder eine professionelle Beratung f\u00fcr Dein Fahrzeug? F\u00fclle einfach das Kontaktformular unten aus und lass Dich kompetent unterst\u00fctzen. Egal, ob es um eine dringende Reparatur geht oder um eine Beratung beim Fahrzeugkauf \u2013 GARAGE BASS ist f\u00fcr Dich da.<\/p>\n\n\n<noscript class=\"ninja-forms-noscript-message\">\n\tHinweis: F\u00fcr diesen Inhalt ist JavaScript erforderlich.<\/noscript>\n<div id=\"nf-form-2-cont\" class=\"nf-form-cont\" aria-live=\"polite\" aria-labelledby=\"nf-form-title-2\" aria-describedby=\"nf-form-errors-2\" role=\"form\">\n\n    <div class=\"nf-loading-spinner\"><\/div>\n\n<\/div>\n        <!-- That data is being printed as a workaround to page builders reordering the order of the scripts loaded-->\n        <script>var formDisplay=1;var nfForms=nfForms||[];var form=[];form.id='2';form.settings={\"objectType\":\"Form Setting\",\"editActive\":true,\"title\":\"Kontaktformular_Rep-Ber\",\"show_title\":0,\"allow_public_link\":0,\"public_link\":\"https:\\\/\\\/bass.arteeofree.ch\\\/ninja-forms\\\/2fl82\",\"embed_form\":\"\",\"clear_complete\":0,\"hide_complete\":0,\"default_label_pos\":\"above\",\"wrapper_class\":\"\",\"element_class\":\"\",\"form_title_heading_level\":\"3\",\"key\":\"\",\"add_submit\":1,\"changeEmailErrorMsg\":\"Bitte gib eine g\\u00fcltige E-Mail-Adresse ein.\",\"changeDateErrorMsg\":\"Bitte gib ein g\\u00fcltiges Datum ein!\",\"confirmFieldErrorMsg\":\"Diese Felder m\\u00fcssen \\u00fcbereinstimmen!\",\"fieldNumberNumMinError\":\"Die eingegebene Zahl ist zu klein.\",\"fieldNumberNumMaxError\":\"Die eingegebene Zahl ist zu gross.\",\"fieldNumberIncrementBy\":\"Bitte erh\\u00f6hen in Schritten von\",\"formErrorsCorrectErrors\":\"Bitte korrigiere die Fehler, bevor du das Formular sendest.\",\"validateRequiredField\":\"Dies ist ein Pflichtfeld.\",\"honeypotHoneypotError\":\"Honeypot-Fehler\",\"fieldsMarkedRequired\":\"Felder mit einem <span class=\\\"ninja-forms-req-symbol\\\">*<\\\/span> sind Pflichtfelder\",\"currency\":\"\",\"unique_field_error\":\"Ein Formular mit diesem Wert wurde bereits eingereicht.\",\"logged_in\":false,\"not_logged_in_msg\":\"\",\"sub_limit_number\":\"\",\"sub_limit_msg\":\"Das Formular hat sein Beitragslimit erreicht.\",\"calculations\":[],\"formContentData\":[\"welche_dienstleistung_moechtest_du_anfragen_1730838136295\",\"name_1730838431013\",\"wie_kann_ich_dich_kontaktieren_1730838205975\",\"kontaktangaben_1730838250736\",\"geht_es_um_ein_konkretes_fahrzeug_1730838359678\",\"einsenden_1730838637611\"],\"objectDomain\":\"calculations\",\"drawerDisabled\":false,\"public_link_key\":\"2fl82\",\"ninjaForms\":\"Ninja Forms\",\"fieldTextareaRTEInsertLink\":\"Link einf\\u00fcgen\",\"fieldTextareaRTEInsertMedia\":\"Medien einf\\u00fcgen\",\"fieldTextareaRTESelectAFile\":\"Eine Datei ausw\\u00e4hlen\",\"formHoneypot\":\"Falls du ein Mensch bist und dieses Feld siehst, dann lasse es bitte leer.\",\"fileUploadOldCodeFileUploadInProgress\":\"Datei-Upload l\\u00e4uft.\",\"fileUploadOldCodeFileUpload\":\"DATEI-UPLOAD\",\"currencySymbol\":false,\"thousands_sep\":\".\",\"decimal_point\":\",\",\"siteLocale\":\"de_DE\",\"dateFormat\":\"m\\\/d\\\/Y\",\"startOfWeek\":\"1\",\"of\":\"von\",\"previousMonth\":\"Vorheriger Monat\",\"nextMonth\":\"N\\u00e4chster Monat\",\"months\":[\"Januar\",\"Februar\",\"M\\u00e4rz\",\"April\",\"Mai\",\"Juni\",\"Juli\",\"August\",\"September\",\"Oktober\",\"November\",\"Dezember\"],\"monthsShort\":[\"Jan.\",\"Feb.\",\"M\\u00e4rz\",\"Apr.\",\"Mai\",\"Juni\",\"Juli\",\"Aug\",\"Sep.\",\"Okt.\",\"Nov.\",\"Dez.\"],\"weekdays\":[\"Sonntag\",\"Montag\",\"Dienstag\",\"Mittwoch\",\"Donnerstag\",\"Freitag\",\"Samstag\"],\"weekdaysShort\":[\"So.\",\"Mo.\",\"Di.\",\"Mi.\",\"Do.\",\"Fr.\",\"Sa.\"],\"weekdaysMin\":[\"So.\",\"Mo.\",\"Di.\",\"Mi.\",\"Do.\",\"Fr.\",\"Sa.\"],\"recaptchaConsentMissing\":\"reCaptcha validation couldn&#039;t load.\",\"recaptchaMissingCookie\":\"reCaptcha v3 validation couldn&#039;t load the cookie needed to submit the form.\",\"recaptchaConsentEvent\":\"Accept reCaptcha cookies before sending the form.\",\"currency_symbol\":\"\",\"beforeForm\":\"\",\"beforeFields\":\"\",\"afterFields\":\"\",\"afterForm\":\"\"};form.fields=[{\"objectType\":\"Field\",\"objectDomain\":\"fields\",\"editActive\":false,\"order\":1,\"idAttribute\":\"id\",\"type\":\"listselect\",\"label\":\"Welche Dienstleistung m\\u00f6chtest Du anfragen?\",\"key\":\"welche_dienstleistung_moechtest_du_anfragen_1730838136295\",\"label_pos\":\"above\",\"required\":1,\"options\":[{\"errors\":[],\"max_options\":0,\"label\":\"Reparatur\",\"value\":\"reparatur\",\"calc\":\"\",\"selected\":0,\"order\":0,\"settingModel\":{\"settings\":false,\"hide_merge_tags\":false,\"error\":false,\"name\":\"options\",\"type\":\"option-repeater\",\"label\":\"Optionen <a href=\\\"#\\\" class=\\\"nf-add-new\\\">Erstellen<\\\/a> <a href=\\\"#\\\" class=\\\"extra nf-open-import-tooltip\\\"><i class=\\\"fa fa-sign-in\\\" aria-hidden=\\\"true\\\"><\\\/i> Importieren<\\\/a>\",\"width\":\"full\",\"group\":\"\",\"value\":[{\"label\":\"Eins\",\"value\":\"eins\",\"calc\":\"\",\"selected\":0,\"order\":0},{\"label\":\"Zwei\",\"value\":\"zwei\",\"calc\":\"\",\"selected\":0,\"order\":1},{\"label\":\"Drei\",\"value\":\"drei\",\"calc\":\"\",\"selected\":0,\"order\":2}],\"columns\":{\"label\":{\"header\":\"Beschriftung\",\"default\":\"\"},\"value\":{\"header\":\"Wert\",\"default\":\"\"},\"calc\":{\"header\":\"Berechneter Wert\",\"default\":\"\"},\"selected\":{\"header\":\"<span class=\\\"dashicons dashicons-yes\\\"><\\\/span>\",\"default\":0}}}},{\"errors\":[],\"max_options\":0,\"label\":\"Beratung\",\"value\":\"beratung\",\"calc\":\"\",\"selected\":0,\"order\":1,\"settingModel\":{\"settings\":false,\"hide_merge_tags\":false,\"error\":false,\"name\":\"options\",\"type\":\"option-repeater\",\"label\":\"Optionen <a href=\\\"#\\\" class=\\\"nf-add-new\\\">Erstellen<\\\/a> <a href=\\\"#\\\" class=\\\"extra nf-open-import-tooltip\\\"><i class=\\\"fa fa-sign-in\\\" aria-hidden=\\\"true\\\"><\\\/i> Importieren<\\\/a>\",\"width\":\"full\",\"group\":\"\",\"value\":[{\"label\":\"Eins\",\"value\":\"eins\",\"calc\":\"\",\"selected\":0,\"order\":0},{\"label\":\"Zwei\",\"value\":\"zwei\",\"calc\":\"\",\"selected\":0,\"order\":1},{\"label\":\"Drei\",\"value\":\"drei\",\"calc\":\"\",\"selected\":0,\"order\":2}],\"columns\":{\"label\":{\"header\":\"Beschriftung\",\"default\":\"\"},\"value\":{\"header\":\"Wert\",\"default\":\"\"},\"calc\":{\"header\":\"Berechneter Wert\",\"default\":\"\"},\"selected\":{\"header\":\"<span class=\\\"dashicons dashicons-yes\\\"><\\\/span>\",\"default\":0}}}},{\"errors\":[],\"max_options\":0,\"label\":\"Beides\\\/Sonstiges\",\"value\":\"beides-sonstiges\",\"calc\":\"\",\"selected\":0,\"order\":2,\"settingModel\":{\"settings\":false,\"hide_merge_tags\":false,\"error\":false,\"name\":\"options\",\"type\":\"option-repeater\",\"label\":\"Optionen <a href=\\\"#\\\" class=\\\"nf-add-new\\\">Erstellen<\\\/a> <a href=\\\"#\\\" class=\\\"extra nf-open-import-tooltip\\\"><i class=\\\"fa fa-sign-in\\\" aria-hidden=\\\"true\\\"><\\\/i> Importieren<\\\/a>\",\"width\":\"full\",\"group\":\"\",\"value\":[{\"label\":\"Eins\",\"value\":\"eins\",\"calc\":\"\",\"selected\":0,\"order\":0},{\"label\":\"Zwei\",\"value\":\"zwei\",\"calc\":\"\",\"selected\":0,\"order\":1},{\"label\":\"Drei\",\"value\":\"drei\",\"calc\":\"\",\"selected\":0,\"order\":2}],\"columns\":{\"label\":{\"header\":\"Beschriftung\",\"default\":\"\"},\"value\":{\"header\":\"Wert\",\"default\":\"\"},\"calc\":{\"header\":\"Berechneter Wert\",\"default\":\"\"},\"selected\":{\"header\":\"<span class=\\\"dashicons dashicons-yes\\\"><\\\/span>\",\"default\":0}}}}],\"container_class\":\"\",\"element_class\":\"\",\"admin_label\":\"\",\"help_text\":\"\",\"id\":5,\"beforeField\":\"\",\"afterField\":\"\",\"value\":\"\",\"parentType\":\"list\",\"element_templates\":[\"listselect\",\"input\"],\"old_classname\":\"list-select\",\"wrap_template\":\"wrap\"},{\"objectType\":\"Field\",\"objectDomain\":\"fields\",\"editActive\":false,\"order\":2,\"idAttribute\":\"id\",\"type\":\"textbox\",\"label\":\"Name\",\"key\":\"name_1730838431013\",\"label_pos\":\"above\",\"required\":1,\"default\":\"\",\"placeholder\":\"\",\"container_class\":\"\",\"element_class\":\"\",\"input_limit\":\"\",\"input_limit_type\":\"characters\",\"input_limit_msg\":\"verbleibende(s) Zeichen\",\"manual_key\":false,\"admin_label\":\"\",\"help_text\":\"\",\"mask\":\"\",\"custom_mask\":\"\",\"custom_name_attribute\":\"\",\"personally_identifiable\":1,\"value\":\"\",\"drawerDisabled\":false,\"id\":6,\"beforeField\":\"\",\"afterField\":\"\",\"parentType\":\"textbox\",\"element_templates\":[\"textbox\",\"input\"],\"old_classname\":\"\",\"wrap_template\":\"wrap\"},{\"objectType\":\"Field\",\"objectDomain\":\"fields\",\"editActive\":false,\"order\":4,\"idAttribute\":\"id\",\"type\":\"listselect\",\"label\":\"Wie kann ich Dich kontaktieren?\",\"key\":\"wie_kann_ich_dich_kontaktieren_1730838205975\",\"label_pos\":\"above\",\"required\":1,\"options\":[{\"errors\":[],\"max_options\":0,\"label\":\"Anrufen\",\"value\":\"anrufen\",\"calc\":\"\",\"selected\":0,\"order\":0,\"settingModel\":{\"settings\":false,\"hide_merge_tags\":false,\"error\":false,\"name\":\"options\",\"type\":\"option-repeater\",\"label\":\"Optionen <a href=\\\"#\\\" class=\\\"nf-add-new\\\">Erstellen<\\\/a> <a href=\\\"#\\\" class=\\\"extra nf-open-import-tooltip\\\"><i class=\\\"fa fa-sign-in\\\" aria-hidden=\\\"true\\\"><\\\/i> Importieren<\\\/a>\",\"width\":\"full\",\"group\":\"\",\"value\":[{\"label\":\"Eins\",\"value\":\"eins\",\"calc\":\"\",\"selected\":0,\"order\":0},{\"label\":\"Zwei\",\"value\":\"zwei\",\"calc\":\"\",\"selected\":0,\"order\":1},{\"label\":\"Drei\",\"value\":\"drei\",\"calc\":\"\",\"selected\":0,\"order\":2}],\"columns\":{\"label\":{\"header\":\"Beschriftung\",\"default\":\"\"},\"value\":{\"header\":\"Wert\",\"default\":\"\"},\"calc\":{\"header\":\"Berechneter Wert\",\"default\":\"\"},\"selected\":{\"header\":\"<span class=\\\"dashicons dashicons-yes\\\"><\\\/span>\",\"default\":0}}}},{\"errors\":[],\"max_options\":0,\"label\":\"Whatsapp Nachricht\",\"value\":\"whatsapp-nachricht\",\"calc\":\"\",\"selected\":0,\"order\":1,\"settingModel\":{\"settings\":false,\"hide_merge_tags\":false,\"error\":false,\"name\":\"options\",\"type\":\"option-repeater\",\"label\":\"Optionen <a href=\\\"#\\\" class=\\\"nf-add-new\\\">Erstellen<\\\/a> <a href=\\\"#\\\" class=\\\"extra nf-open-import-tooltip\\\"><i class=\\\"fa fa-sign-in\\\" aria-hidden=\\\"true\\\"><\\\/i> Importieren<\\\/a>\",\"width\":\"full\",\"group\":\"\",\"value\":[{\"label\":\"Eins\",\"value\":\"eins\",\"calc\":\"\",\"selected\":0,\"order\":0},{\"label\":\"Zwei\",\"value\":\"zwei\",\"calc\":\"\",\"selected\":0,\"order\":1},{\"label\":\"Drei\",\"value\":\"drei\",\"calc\":\"\",\"selected\":0,\"order\":2}],\"columns\":{\"label\":{\"header\":\"Beschriftung\",\"default\":\"\"},\"value\":{\"header\":\"Wert\",\"default\":\"\"},\"calc\":{\"header\":\"Berechneter Wert\",\"default\":\"\"},\"selected\":{\"header\":\"<span class=\\\"dashicons dashicons-yes\\\"><\\\/span>\",\"default\":0}}}},{\"errors\":[],\"max_options\":0,\"label\":\"Mail\",\"value\":\"mail\",\"calc\":\"\",\"selected\":0,\"order\":2,\"settingModel\":{\"settings\":false,\"hide_merge_tags\":false,\"error\":false,\"name\":\"options\",\"type\":\"option-repeater\",\"label\":\"Optionen <a href=\\\"#\\\" class=\\\"nf-add-new\\\">Erstellen<\\\/a> <a href=\\\"#\\\" class=\\\"extra nf-open-import-tooltip\\\"><i class=\\\"fa fa-sign-in\\\" aria-hidden=\\\"true\\\"><\\\/i> Importieren<\\\/a>\",\"width\":\"full\",\"group\":\"\",\"value\":[{\"label\":\"Eins\",\"value\":\"eins\",\"calc\":\"\",\"selected\":0,\"order\":0},{\"label\":\"Zwei\",\"value\":\"zwei\",\"calc\":\"\",\"selected\":0,\"order\":1},{\"label\":\"Drei\",\"value\":\"drei\",\"calc\":\"\",\"selected\":0,\"order\":2}],\"columns\":{\"label\":{\"header\":\"Beschriftung\",\"default\":\"\"},\"value\":{\"header\":\"Wert\",\"default\":\"\"},\"calc\":{\"header\":\"Berechneter Wert\",\"default\":\"\"},\"selected\":{\"header\":\"<span class=\\\"dashicons dashicons-yes\\\"><\\\/span>\",\"default\":0}}}}],\"container_class\":\"\",\"element_class\":\"\",\"admin_label\":\"\",\"help_text\":\"\",\"id\":7,\"beforeField\":\"\",\"afterField\":\"\",\"value\":\"\",\"parentType\":\"list\",\"element_templates\":[\"listselect\",\"input\"],\"old_classname\":\"list-select\",\"wrap_template\":\"wrap\"},{\"objectType\":\"Field\",\"objectDomain\":\"fields\",\"editActive\":false,\"order\":5,\"idAttribute\":\"id\",\"type\":\"textbox\",\"label\":\"Kontaktangaben\",\"key\":\"kontaktangaben_1730838250736\",\"label_pos\":\"above\",\"required\":1,\"default\":\"\",\"placeholder\":\"\",\"container_class\":\"\",\"element_class\":\"\",\"input_limit\":\"\",\"input_limit_type\":\"characters\",\"input_limit_msg\":\"verbleibende(s) Zeichen\",\"manual_key\":false,\"admin_label\":\"\",\"help_text\":\"<p><br><\\\/p>\",\"desc_text\":\"<p>Gib deine Telefonnummer oder Emailadresse an f\\u00fcr die Kontaktaufnahme.<\\\/p>\",\"mask\":\"\",\"custom_mask\":\"\",\"custom_name_attribute\":\"\",\"personally_identifiable\":1,\"value\":\"\",\"drawerDisabled\":false,\"id\":8,\"beforeField\":\"\",\"afterField\":\"\",\"parentType\":\"textbox\",\"element_templates\":[\"textbox\",\"input\"],\"old_classname\":\"\",\"wrap_template\":\"wrap\"},{\"objectType\":\"Field\",\"objectDomain\":\"fields\",\"editActive\":false,\"order\":6,\"idAttribute\":\"id\",\"type\":\"textarea\",\"label\":\"Geht es um ein konkretes Fahrzeug?\",\"key\":\"geht_es_um_ein_konkretes_fahrzeug_1730838359678\",\"label_pos\":\"above\",\"required\":false,\"default\":\"\",\"placeholder\":\"\",\"container_class\":\"\",\"element_class\":\"\",\"input_limit\":\"\",\"input_limit_type\":\"characters\",\"input_limit_msg\":\"verbleibende(s) Zeichen\",\"manual_key\":false,\"admin_label\":\"\",\"help_text\":\"<p><br><\\\/p>\",\"desc_text\":\"<p>Falls ja, bitte Angaben zum Fahrzeug eingeben.<\\\/p>\",\"textarea_rte\":0,\"disable_rte_mobile\":\"\",\"textarea_media\":\"\",\"value\":\"\",\"drawerDisabled\":false,\"id\":9,\"beforeField\":\"\",\"afterField\":\"\",\"parentType\":\"textarea\",\"element_templates\":[\"textarea\",\"input\"],\"old_classname\":\"\",\"wrap_template\":\"wrap\"},{\"objectType\":\"Field\",\"objectDomain\":\"fields\",\"editActive\":false,\"order\":9999,\"idAttribute\":\"id\",\"type\":\"submit\",\"label\":\"Einsenden\",\"processing_label\":\"Wird verarbeitet\",\"container_class\":\"\",\"element_class\":\"\",\"key\":\"einsenden_1730838637611\",\"admin_label\":\"\",\"drawerDisabled\":false,\"id\":10,\"beforeField\":\"\",\"afterField\":\"\",\"value\":\"\",\"label_pos\":\"above\",\"parentType\":\"textbox\",\"element_templates\":[\"submit\",\"button\",\"input\"],\"old_classname\":\"\",\"wrap_template\":\"wrap-no-label\"}];nfForms.push(form);<\/script>\n        \n<\/div>\n\n<div class=\"gb-container gb-container-fd1d63ca gbp-section\"><div class=\"gb-shapes\"><div class=\"gb-shape gb-shape-1\"><svg xmlns=\"http:\/\/www.w3.org\/2000\/svg\" viewBox=\"0 0 1200 100\" preserveAspectRatio=\"none\"><path d=\"M1200 100H0V0l400 77.2L1200 0z\"\/><\/svg><\/div><\/div><\/div>\n\n\n<p><\/p>\n","protected":false},"excerpt":{"rendered":"<p>GARAGE BASS Dein Fahrzeugexperte f\u00fcr Ankauf, Verkauf, Reparaturen und Beratung. Reparaturen und Beratungen Bei GARAGE BASS stehen Qualit\u00e4t und Zuverl\u00e4ssigkeit an erster Stelle. Ob es um eine notwendige Reparatur oder eine umfassende Wartung geht \u2013 jedes Fahrzeug wird mit gr\u00f6sster Sorgfalt behandelt. Vom kleinen Kratzer bis hin zu komplexen Reparaturen wird alles daran gesetzt, Dein &#8230; <a title=\"Weitere Dienstleistungen\" class=\"read-more\" href=\"https:\/\/bass.arteeofree.ch\/index.php\/weitere-dienstleistungen\/\" aria-label=\"Mehr Informationen \u00fcber Weitere Dienstleistungen\">Weiterlesen &#8230;<\/a><\/p>\n","protected":false},"author":1,"featured_media":0,"parent":0,"menu_order":0,"comment_status":"closed","ping_status":"closed","template":"","meta":{"footnotes":""},"class_list":["post-1505","page","type-page","status-publish"],"_links":{"self":[{"href":"https:\/\/bass.arteeofree.ch\/index.php\/wp-json\/wp\/v2\/pages\/1505","targetHints":{"allow":["GET"]}}],"collection":[{"href":"https:\/\/bass.arteeofree.ch\/index.php\/wp-json\/wp\/v2\/pages"}],"about":[{"href":"https:\/\/bass.arteeofree.ch\/index.php\/wp-json\/wp\/v2\/types\/page"}],"author":[{"embeddable":true,"href":"https:\/\/bass.arteeofree.ch\/index.php\/wp-json\/wp\/v2\/users\/1"}],"replies":[{"embeddable":true,"href":"https:\/\/bass.arteeofree.ch\/index.php\/wp-json\/wp\/v2\/comments?post=1505"}],"version-history":[{"count":12,"href":"https:\/\/bass.arteeofree.ch\/index.php\/wp-json\/wp\/v2\/pages\/1505\/revisions"}],"predecessor-version":[{"id":1553,"href":"https:\/\/bass.arteeofree.ch\/index.php\/wp-json\/wp\/v2\/pages\/1505\/revisions\/1553"}],"wp:attachment":[{"href":"https:\/\/bass.arteeofree.ch\/index.php\/wp-json\/wp\/v2\/media?parent=1505"}],"curies":[{"name":"wp","href":"https:\/\/api.w.org\/{rel}","templated":true}]}}