{"id":1509,"date":"2024-11-04T22:59:24","date_gmt":"2024-11-04T22:59:24","guid":{"rendered":"https:\/\/bass.arteeofree.ch\/?page_id=1509"},"modified":"2024-11-05T20:55:54","modified_gmt":"2024-11-05T20:55:54","slug":"fahrzeug-verkauf","status":"publish","type":"page","link":"https:\/\/bass.arteeofree.ch\/index.php\/fahrzeug-verkauf\/","title":{"rendered":"Fahrzeug Verkauf"},"content":{"rendered":"<div class=\"gb-container gb-container-29f7760a alignfull gbp-section\">\n<div class=\"gb-container gb-container-e7bd3569\">\n<div class=\"gb-container gb-container-09dd4ccd\">\n\n<h1 class=\"gb-headline gb-headline-996c0162 gb-headline-text gbp-section__headline\">GARAGE BASS<\/h1>\n\n\n\n<div class=\"gb-headline gb-headline-59722fcb gb-headline-text gbp-section__text\">Dein Fahrzeugexperte f\u00fcr Ankauf,  Verkauf,  Reparaturen und Beratung.<\/div>\n\n<\/div>\n<\/div>\n\n<div class=\"gb-container gb-container-c85437d6 hero-image-fit\">\n\n<figure class=\"gb-block-image gb-block-image-def22809\"><img loading=\"lazy\" decoding=\"async\" width=\"2560\" height=\"1707\" class=\"gb-image gb-image-def22809\" src=\"https:\/\/bass.arteeofree.ch\/wp-content\/uploads\/2024\/11\/autoliechter-scaled.jpg\" alt=\"\" title=\"autoliechter\" srcset=\"https:\/\/bass.arteeofree.ch\/wp-content\/uploads\/2024\/11\/autoliechter-scaled.jpg 2560w, https:\/\/bass.arteeofree.ch\/wp-content\/uploads\/2024\/11\/autoliechter-300x200.jpg 300w, https:\/\/bass.arteeofree.ch\/wp-content\/uploads\/2024\/11\/autoliechter-1024x683.jpg 1024w, https:\/\/bass.arteeofree.ch\/wp-content\/uploads\/2024\/11\/autoliechter-768x512.jpg 768w, https:\/\/bass.arteeofree.ch\/wp-content\/uploads\/2024\/11\/autoliechter-1536x1024.jpg 1536w, https:\/\/bass.arteeofree.ch\/wp-content\/uploads\/2024\/11\/autoliechter-2048x1365.jpg 2048w\" sizes=\"auto, (max-width: 2560px) 100vw, 2560px\" \/><\/figure>\n\n<\/div>\n<\/div>\n\n<div class=\"gb-container gb-container-ac7f30a6 gbp-section\">\n\n<h1 class=\"wp-block-heading has-text-align-center\">Fahrzeug Verkauf<\/h1>\n\n\n\n<p>Auf der Suche nach einem zuverl\u00e4ssigen Gebrauchtwagen? Bei GARAGE BASS findest Du eine sorgf\u00e4ltig ausgew\u00e4hlte Auswahl an Fahrzeugen. Jedes Auto wird gr\u00fcndlich inspiziert und aufbereitet, um Qualit\u00e4t und Sicherheit zu gew\u00e4hrleisten. Ob Du ein kleines Stadtauto, einen ger\u00e4umigen Familienwagen oder ein sportliches Modell suchst \u2013 bei GARAGE BASS findest Du das passende Fahrzeug f\u00fcr Dich. Entdecke Dein n\u00e4chstes Auto bei GARAGE BASS, wo Qualit\u00e4t, Sicherheit und Kundenzufriedenheit an erster Stelle stehen.<\/p>\n\n\n\n<p>Wenn Du ein Fahrzeug gefunden hast, das Deinen Vorstellungen entspricht, nimm gerne Kontakt auf.<\/p>\n\n\n\n<a class=\"gb-button gb-button-ee6c4cd2 gb-button-text\" href=\"https:\/\/bass.arteeofree.ch\/index.php\/contact-us\/\">Kontakt aufnehmen<\/a>\n\n<\/div>\n\n<div class=\"gb-container gb-container-49b5a38e gbp-section\">\n\n<div class=\"wp-block-media-text is-stacked-on-mobile has-base-3-background-color has-background\"><figure class=\"wp-block-media-text__media\"><img loading=\"lazy\" decoding=\"async\" width=\"1024\" height=\"683\" src=\"https:\/\/bass.arteeofree.ch\/wp-content\/uploads\/2022\/06\/benjamin-child-7Cdw956mZ4w-unsplash-1024x683.jpg\" alt=\"\" class=\"wp-image-304 size-full\" srcset=\"https:\/\/bass.arteeofree.ch\/wp-content\/uploads\/2022\/06\/benjamin-child-7Cdw956mZ4w-unsplash-1024x683.jpg 1024w, https:\/\/bass.arteeofree.ch\/wp-content\/uploads\/2022\/06\/benjamin-child-7Cdw956mZ4w-unsplash-300x200.jpg 300w, https:\/\/bass.arteeofree.ch\/wp-content\/uploads\/2022\/06\/benjamin-child-7Cdw956mZ4w-unsplash-768x512.jpg 768w, https:\/\/bass.arteeofree.ch\/wp-content\/uploads\/2022\/06\/benjamin-child-7Cdw956mZ4w-unsplash-1536x1024.jpg 1536w, https:\/\/bass.arteeofree.ch\/wp-content\/uploads\/2022\/06\/benjamin-child-7Cdw956mZ4w-unsplash.jpg 1920w\" sizes=\"auto, (max-width: 1024px) 100vw, 1024px\" \/><\/figure><div class=\"wp-block-media-text__content\">\n<h3 class=\"gb-headline gb-headline-011eca1b gb-headline-text\">BMW 3er<\/h3>\n\n\n\n<p>Eine gepflegte BMW 3er Limousine in sehr gutem Zustand. Perfekt f\u00fcr Langstrecken.<\/p>\n\n\n\n<p><strong>Typ:<\/strong>&nbsp;Limousine<br><strong>Baujahr:<\/strong>&nbsp;2018<br><strong>Preis:<\/strong>&nbsp;CHF 15.000<br><strong>Kilometerstand:<\/strong>&nbsp;75.000 km<br><strong>Kraftstoffart:<\/strong>&nbsp;Benzin<br><strong>Leistung:<\/strong>&nbsp;150 PS<br><strong>Getriebe:<\/strong>&nbsp;Automatik<br><strong>Zustand:<\/strong>&nbsp;gebraucht<br><strong>Standort:<\/strong>&nbsp;Belchenstrasse 22, 5467 Fisibach<\/p>\n<\/div><\/div>\n\n\n\n<div class=\"wp-block-media-text has-media-on-the-right is-stacked-on-mobile\"><div class=\"wp-block-media-text__content\">\n<h3 class=\"gb-headline gb-headline-88fac703 gb-headline-text\">BMW 3er<\/h3>\n\n\n\n<p>Eine gepflegte BMW 3er Limousine in sehr gutem Zustand. Perfekt f\u00fcr Langstrecken.<\/p>\n\n\n\n<p><strong>Typ:<\/strong>&nbsp;Limousine<br><strong>Baujahr:<\/strong>&nbsp;2018<br><strong>Preis:<\/strong>&nbsp;CHF 15.000<br><strong>Kilometerstand:<\/strong>&nbsp;75.000 km<br><strong>Kraftstoffart:<\/strong>&nbsp;Benzin<br><strong>Leistung:<\/strong>&nbsp;150 PS<br><strong>Getriebe:<\/strong>&nbsp;Automatik<br><strong>Zustand:<\/strong>&nbsp;gebraucht<br><strong>Standort:<\/strong>&nbsp;Belchenstrasse 22, 5467 Fisibach<\/p>\n<\/div><figure class=\"wp-block-media-text__media\"><img loading=\"lazy\" decoding=\"async\" width=\"1024\" height=\"683\" src=\"https:\/\/bass.arteeofree.ch\/wp-content\/uploads\/2022\/06\/benjamin-child-7Cdw956mZ4w-unsplash-1024x683.jpg\" alt=\"\" class=\"wp-image-304 size-full\" srcset=\"https:\/\/bass.arteeofree.ch\/wp-content\/uploads\/2022\/06\/benjamin-child-7Cdw956mZ4w-unsplash-1024x683.jpg 1024w, https:\/\/bass.arteeofree.ch\/wp-content\/uploads\/2022\/06\/benjamin-child-7Cdw956mZ4w-unsplash-300x200.jpg 300w, https:\/\/bass.arteeofree.ch\/wp-content\/uploads\/2022\/06\/benjamin-child-7Cdw956mZ4w-unsplash-768x512.jpg 768w, https:\/\/bass.arteeofree.ch\/wp-content\/uploads\/2022\/06\/benjamin-child-7Cdw956mZ4w-unsplash-1536x1024.jpg 1536w, https:\/\/bass.arteeofree.ch\/wp-content\/uploads\/2022\/06\/benjamin-child-7Cdw956mZ4w-unsplash.jpg 1920w\" sizes=\"auto, (max-width: 1024px) 100vw, 1024px\" \/><\/figure><\/div>\n\n\n\n<div class=\"wp-block-media-text is-stacked-on-mobile\"><figure class=\"wp-block-media-text__media\"><img loading=\"lazy\" decoding=\"async\" width=\"1024\" height=\"683\" src=\"https:\/\/bass.arteeofree.ch\/wp-content\/uploads\/2022\/06\/benjamin-child-7Cdw956mZ4w-unsplash-1024x683.jpg\" alt=\"\" class=\"wp-image-304 size-full\" srcset=\"https:\/\/bass.arteeofree.ch\/wp-content\/uploads\/2022\/06\/benjamin-child-7Cdw956mZ4w-unsplash-1024x683.jpg 1024w, https:\/\/bass.arteeofree.ch\/wp-content\/uploads\/2022\/06\/benjamin-child-7Cdw956mZ4w-unsplash-300x200.jpg 300w, https:\/\/bass.arteeofree.ch\/wp-content\/uploads\/2022\/06\/benjamin-child-7Cdw956mZ4w-unsplash-768x512.jpg 768w, https:\/\/bass.arteeofree.ch\/wp-content\/uploads\/2022\/06\/benjamin-child-7Cdw956mZ4w-unsplash-1536x1024.jpg 1536w, https:\/\/bass.arteeofree.ch\/wp-content\/uploads\/2022\/06\/benjamin-child-7Cdw956mZ4w-unsplash.jpg 1920w\" sizes=\"auto, (max-width: 1024px) 100vw, 1024px\" \/><\/figure><div class=\"wp-block-media-text__content\">\n<h3 class=\"gb-headline gb-headline-7b1330bf gb-headline-text\">BMW 3er<\/h3>\n\n\n\n<p>Eine gepflegte BMW 3er Limousine in sehr gutem Zustand. Perfekt f\u00fcr Langstrecken.<\/p>\n\n\n\n<p><strong>Typ:<\/strong>&nbsp;Limousine<br><strong>Baujahr:<\/strong>&nbsp;2018<br><strong>Preis:<\/strong>&nbsp;CHF 15.000<br><strong>Kilometerstand:<\/strong>&nbsp;75.000 km<br><strong>Kraftstoffart:<\/strong>&nbsp;Benzin<br><strong>Leistung:<\/strong>&nbsp;150 PS<br><strong>Getriebe:<\/strong>&nbsp;Automatik<br><strong>Zustand:<\/strong>&nbsp;gebraucht<br><strong>Standort:<\/strong>&nbsp;Belchenstrasse 22, 5467 Fisibach<\/p>\n<\/div><\/div>\n\n\n\n<div class=\"wp-block-media-text has-media-on-the-right is-stacked-on-mobile\"><div class=\"wp-block-media-text__content\">\n<h3 class=\"gb-headline gb-headline-b065f2f1 gb-headline-text\">BMW 3er<\/h3>\n\n\n\n<p>Eine gepflegte BMW 3er Limousine in sehr gutem Zustand. Perfekt f\u00fcr Langstrecken.<\/p>\n\n\n\n<p><strong>Typ:<\/strong>&nbsp;Limousine<br><strong>Baujahr:<\/strong>&nbsp;2018<br><strong>Preis:<\/strong>&nbsp;CHF 15.000<br><strong>Kilometerstand:<\/strong>&nbsp;75.000 km<br><strong>Kraftstoffart:<\/strong>&nbsp;Benzin<br><strong>Leistung:<\/strong>&nbsp;150 PS<br><strong>Getriebe:<\/strong>&nbsp;Automatik<br><strong>Zustand:<\/strong>&nbsp;gebraucht<br><strong>Standort:<\/strong>&nbsp;Belchenstrasse 22, 5467 Fisibach<\/p>\n<\/div><figure class=\"wp-block-media-text__media\"><img loading=\"lazy\" decoding=\"async\" width=\"1024\" height=\"683\" src=\"https:\/\/bass.arteeofree.ch\/wp-content\/uploads\/2022\/06\/benjamin-child-7Cdw956mZ4w-unsplash-1024x683.jpg\" alt=\"\" class=\"wp-image-304 size-full\" srcset=\"https:\/\/bass.arteeofree.ch\/wp-content\/uploads\/2022\/06\/benjamin-child-7Cdw956mZ4w-unsplash-1024x683.jpg 1024w, https:\/\/bass.arteeofree.ch\/wp-content\/uploads\/2022\/06\/benjamin-child-7Cdw956mZ4w-unsplash-300x200.jpg 300w, https:\/\/bass.arteeofree.ch\/wp-content\/uploads\/2022\/06\/benjamin-child-7Cdw956mZ4w-unsplash-768x512.jpg 768w, https:\/\/bass.arteeofree.ch\/wp-content\/uploads\/2022\/06\/benjamin-child-7Cdw956mZ4w-unsplash-1536x1024.jpg 1536w, https:\/\/bass.arteeofree.ch\/wp-content\/uploads\/2022\/06\/benjamin-child-7Cdw956mZ4w-unsplash.jpg 1920w\" sizes=\"auto, (max-width: 1024px) 100vw, 1024px\" \/><\/figure><\/div>\n\n<\/div>\n\n<div class=\"gb-container gb-container-fd1d63ca gbp-section\"><div class=\"gb-shapes\"><div class=\"gb-shape gb-shape-1\"><svg xmlns=\"http:\/\/www.w3.org\/2000\/svg\" viewBox=\"0 0 1200 100\" preserveAspectRatio=\"none\"><path d=\"M1200 100H0V0l400 77.2L1200 0z\"\/><\/svg><\/div><\/div><\/div>\n\n\n<p><\/p>\n","protected":false},"excerpt":{"rendered":"<p>GARAGE BASS Dein Fahrzeugexperte f\u00fcr Ankauf, Verkauf, Reparaturen und Beratung. Fahrzeug Verkauf Auf der Suche nach einem zuverl\u00e4ssigen Gebrauchtwagen? Bei GARAGE BASS findest Du eine sorgf\u00e4ltig ausgew\u00e4hlte Auswahl an Fahrzeugen. Jedes Auto wird gr\u00fcndlich inspiziert und aufbereitet, um Qualit\u00e4t und Sicherheit zu gew\u00e4hrleisten. Ob Du ein kleines Stadtauto, einen ger\u00e4umigen Familienwagen oder ein sportliches Modell &#8230; <a title=\"Fahrzeug Verkauf\" class=\"read-more\" href=\"https:\/\/bass.arteeofree.ch\/index.php\/fahrzeug-verkauf\/\" aria-label=\"Mehr Informationen \u00fcber Fahrzeug Verkauf\">Weiterlesen &#8230;<\/a><\/p>\n","protected":false},"author":1,"featured_media":0,"parent":0,"menu_order":0,"comment_status":"closed","ping_status":"closed","template":"","meta":{"footnotes":""},"class_list":["post-1509","page","type-page","status-publish"],"_links":{"self":[{"href":"https:\/\/bass.arteeofree.ch\/index.php\/wp-json\/wp\/v2\/pages\/1509","targetHints":{"allow":["GET"]}}],"collection":[{"href":"https:\/\/bass.arteeofree.ch\/index.php\/wp-json\/wp\/v2\/pages"}],"about":[{"href":"https:\/\/bass.arteeofree.ch\/index.php\/wp-json\/wp\/v2\/types\/page"}],"author":[{"embeddable":true,"href":"https:\/\/bass.arteeofree.ch\/index.php\/wp-json\/wp\/v2\/users\/1"}],"replies":[{"embeddable":true,"href":"https:\/\/bass.arteeofree.ch\/index.php\/wp-json\/wp\/v2\/comments?post=1509"}],"version-history":[{"count":6,"href":"https:\/\/bass.arteeofree.ch\/index.php\/wp-json\/wp\/v2\/pages\/1509\/revisions"}],"predecessor-version":[{"id":1554,"href":"https:\/\/bass.arteeofree.ch\/index.php\/wp-json\/wp\/v2\/pages\/1509\/revisions\/1554"}],"wp:attachment":[{"href":"https:\/\/bass.arteeofree.ch\/index.php\/wp-json\/wp\/v2\/media?parent=1509"}],"curies":[{"name":"wp","href":"https:\/\/api.w.org\/{rel}","templated":true}]}}