{"id":92,"date":"2024-11-03T13:50:32","date_gmt":"2024-11-03T13:50:32","guid":{"rendered":"https:\/\/bass.arteeofree.ch\/?page_id=92"},"modified":"2024-11-04T23:04:38","modified_gmt":"2024-11-04T23:04:38","slug":"ueber-mich","status":"publish","type":"page","link":"https:\/\/bass.arteeofree.ch\/index.php\/ueber-mich\/","title":{"rendered":"\u00dcber mich"},"content":{"rendered":"<div class=\"gb-container gb-container-29f7760a alignfull gbp-section\">\n<div class=\"gb-container gb-container-e7bd3569\">\n<div class=\"gb-container gb-container-09dd4ccd\">\n\n<h1 class=\"gb-headline gb-headline-996c0162 gb-headline-text gbp-section__headline\">GARAGE BASS<\/h1>\n\n\n\n<div class=\"gb-headline gb-headline-59722fcb gb-headline-text gbp-section__text\">Dein Fahrzeugexperte f\u00fcr Ankauf,  Verkauf,  Reparaturen und Beratung.<\/div>\n\n<\/div>\n<\/div>\n\n<div class=\"gb-container gb-container-c85437d6 hero-image-fit\">\n\n<figure class=\"gb-block-image gb-block-image-def22809\"><img loading=\"lazy\" decoding=\"async\" width=\"2560\" height=\"1707\" class=\"gb-image gb-image-def22809\" src=\"https:\/\/bass.arteeofree.ch\/wp-content\/uploads\/2024\/11\/autoliechter-scaled.jpg\" alt=\"\" title=\"autoliechter\" srcset=\"https:\/\/bass.arteeofree.ch\/wp-content\/uploads\/2024\/11\/autoliechter-scaled.jpg 2560w, https:\/\/bass.arteeofree.ch\/wp-content\/uploads\/2024\/11\/autoliechter-300x200.jpg 300w, https:\/\/bass.arteeofree.ch\/wp-content\/uploads\/2024\/11\/autoliechter-1024x683.jpg 1024w, https:\/\/bass.arteeofree.ch\/wp-content\/uploads\/2024\/11\/autoliechter-768x512.jpg 768w, https:\/\/bass.arteeofree.ch\/wp-content\/uploads\/2024\/11\/autoliechter-1536x1024.jpg 1536w, https:\/\/bass.arteeofree.ch\/wp-content\/uploads\/2024\/11\/autoliechter-2048x1365.jpg 2048w\" sizes=\"auto, (max-width: 2560px) 100vw, 2560px\" \/><\/figure>\n\n<\/div>\n<\/div>\n\n\n<h1 class=\"gb-headline gb-headline-4b0f7ab9 gb-headline-text\">\u00dcber mich<\/h1>\n\n\n\n<div class=\"wp-block-columns is-layout-flex wp-container-core-columns-is-layout-9d6595d7 wp-block-columns-is-layout-flex\">\n<div class=\"wp-block-column is-layout-flow wp-block-column-is-layout-flow\" style=\"flex-basis:66.66%\">\n<p style=\"padding-top:0;padding-right:0;padding-bottom:0;padding-left:0\">Ich bin ein langj\u00e4hriger Hobbymechaniker mit einer grossen Leidenschaft f\u00fcr Autos. Mit einem asterabschluss in Maschinenbau von der ETH Z\u00fcrich bringe ich fundiertes technisches Wissen und viel Erfahrung mit, um jedes Fahrzeug wieder auf Vordermann zu bringen.<\/p>\n\n\n\n<p style=\"padding-top:0;padding-right:0;padding-bottom:0;padding-left:0\">Mit meiner Expertise sorge ich daf\u00fcr, dass die Fahrzeuge meiner Kunden stets in einwandfreiem Zustand sind. Bei GARAGE BASS lege ich besonderen Wert auf Qualit\u00e4t, Zuverl\u00e4ssigkeit und eine individuelle Beratung, damit Du stets gut und sicher unterwegs bist.<\/p>\n\n\n\n<p style=\"padding-top:0;padding-right:0;padding-bottom:0;padding-left:0\">Ich freue mich darauf, Dich in meiner Werkstatt begr\u00fcssen zu d\u00fcrfen.<\/p>\n<\/div>\n\n\n\n<div class=\"wp-block-column is-layout-flow wp-block-column-is-layout-flow\" style=\"flex-basis:33.33%\">\n<figure class=\"wp-block-image size-full\"><img loading=\"lazy\" decoding=\"async\" width=\"640\" height=\"640\" src=\"https:\/\/bass.arteeofree.ch\/wp-content\/uploads\/2024\/11\/sezer-ueber-mich.jpg\" alt=\"\" class=\"wp-image-93\" srcset=\"https:\/\/bass.arteeofree.ch\/wp-content\/uploads\/2024\/11\/sezer-ueber-mich.jpg 640w, https:\/\/bass.arteeofree.ch\/wp-content\/uploads\/2024\/11\/sezer-ueber-mich-300x300.jpg 300w, https:\/\/bass.arteeofree.ch\/wp-content\/uploads\/2024\/11\/sezer-ueber-mich-150x150.jpg 150w\" sizes=\"auto, (max-width: 640px) 100vw, 640px\" \/><\/figure>\n<\/div>\n<\/div>\n","protected":false},"excerpt":{"rendered":"<p>GARAGE BASS Dein Fahrzeugexperte f\u00fcr Ankauf, Verkauf, Reparaturen und Beratung. \u00dcber mich Ich bin ein langj\u00e4hriger Hobbymechaniker mit einer grossen Leidenschaft f\u00fcr Autos. Mit einem asterabschluss in Maschinenbau von der ETH Z\u00fcrich bringe ich fundiertes technisches Wissen und viel Erfahrung mit, um jedes Fahrzeug wieder auf Vordermann zu bringen. Mit meiner Expertise sorge ich daf\u00fcr, &#8230; <a title=\"\u00dcber mich\" class=\"read-more\" href=\"https:\/\/bass.arteeofree.ch\/index.php\/ueber-mich\/\" aria-label=\"Mehr Informationen \u00fcber \u00dcber mich\">Weiterlesen &#8230;<\/a><\/p>\n","protected":false},"author":1,"featured_media":0,"parent":0,"menu_order":0,"comment_status":"closed","ping_status":"closed","template":"","meta":{"footnotes":""},"class_list":["post-92","page","type-page","status-publish"],"_links":{"self":[{"href":"https:\/\/bass.arteeofree.ch\/index.php\/wp-json\/wp\/v2\/pages\/92","targetHints":{"allow":["GET"]}}],"collection":[{"href":"https:\/\/bass.arteeofree.ch\/index.php\/wp-json\/wp\/v2\/pages"}],"about":[{"href":"https:\/\/bass.arteeofree.ch\/index.php\/wp-json\/wp\/v2\/types\/page"}],"author":[{"embeddable":true,"href":"https:\/\/bass.arteeofree.ch\/index.php\/wp-json\/wp\/v2\/users\/1"}],"replies":[{"embeddable":true,"href":"https:\/\/bass.arteeofree.ch\/index.php\/wp-json\/wp\/v2\/comments?post=92"}],"version-history":[{"count":14,"href":"https:\/\/bass.arteeofree.ch\/index.php\/wp-json\/wp\/v2\/pages\/92\/revisions"}],"predecessor-version":[{"id":1519,"href":"https:\/\/bass.arteeofree.ch\/index.php\/wp-json\/wp\/v2\/pages\/92\/revisions\/1519"}],"wp:attachment":[{"href":"https:\/\/bass.arteeofree.ch\/index.php\/wp-json\/wp\/v2\/media?parent=92"}],"curies":[{"name":"wp","href":"https:\/\/api.w.org\/{rel}","templated":true}]}}